{"id":819,"date":"2026-01-28T16:33:21","date_gmt":"2026-01-28T15:33:21","guid":{"rendered":"https:\/\/www.az-efacture.fr\/index.php\/after-school-training\/"},"modified":"2026-04-01T15:39:30","modified_gmt":"2026-04-01T13:39:30","slug":"tarif","status":"publish","type":"page","link":"https:\/\/www.az-efacture.fr\/index.php\/tarif\/","title":{"rendered":"Tarif"},"content":{"rendered":"\t\t<div data-elementor-type=\"wp-page\" data-elementor-id=\"819\" class=\"elementor elementor-819\" data-elementor-post-type=\"page\">\n\t\t\t\t<div class=\"elementor-element elementor-element-7814db78 e-flex e-con-boxed e-con e-parent\" data-id=\"7814db78\" data-element_type=\"container\" data-e-type=\"container\" data-settings=\"{&quot;background_background&quot;:&quot;classic&quot;,&quot;shape_divider_top&quot;:&quot;tilt&quot;,&quot;shape_divider_bottom&quot;:&quot;tilt&quot;}\">\n\t\t\t\t\t<div class=\"e-con-inner\">\n\t\t\t\t<div class=\"elementor-shape elementor-shape-top\" aria-hidden=\"true\" data-negative=\"false\">\n\t\t\t<svg xmlns=\"http:\/\/www.w3.org\/2000\/svg\" viewBox=\"0 0 1000 100\" preserveAspectRatio=\"none\">\n\t<path class=\"elementor-shape-fill\" d=\"M0,6V0h1000v100L0,6z\"\/>\n<\/svg>\t\t<\/div>\n\t\t\t\t<div class=\"elementor-shape elementor-shape-bottom\" aria-hidden=\"true\" data-negative=\"false\">\n\t\t\t<svg xmlns=\"http:\/\/www.w3.org\/2000\/svg\" viewBox=\"0 0 1000 100\" preserveAspectRatio=\"none\">\n\t<path class=\"elementor-shape-fill\" d=\"M0,6V0h1000v100L0,6z\"\/>\n<\/svg>\t\t<\/div>\n\t\t<div class=\"elementor-element elementor-element-7c56378e e-flex e-con-boxed e-con e-child\" data-id=\"7c56378e\" data-element_type=\"container\" data-e-type=\"container\">\n\t\t\t\t\t<div class=\"e-con-inner\">\n\t\t\t\t<div class=\"elementor-element elementor-element-63c6d651 elementor-widget elementor-widget-heading\" data-id=\"63c6d651\" data-element_type=\"widget\" data-e-type=\"widget\" data-widget_type=\"heading.default\">\n\t\t\t\t<div class=\"elementor-widget-container\">\n\t\t\t\t\t<h2 class=\"elementor-heading-title elementor-size-default\">La facture \u00e9lectronique, simplement<\/h2>\t\t\t\t<\/div>\n\t\t\t\t<\/div>\n\t\t\t\t<div class=\"elementor-element elementor-element-55fc2931 elementor-widget elementor-widget-text-editor\" data-id=\"55fc2931\" data-element_type=\"widget\" data-e-type=\"widget\" data-widget_type=\"text-editor.default\">\n\t\t\t\t<div class=\"elementor-widget-container\">\n\t\t\t\t\t\t\t\t\t<p data-start=\"302\" data-end=\"428\">Avec <strong data-start=\"307\" data-end=\"322\">AZ eFacture<\/strong>, cr\u00e9ez, envoyez et g\u00e9rez vos factures \u00e9lectroniques facilement, depuis une interface claire et intuitive.<\/p><p data-start=\"302\" data-end=\"428\">Pens\u00e9e pour les ind\u00e9pendants, artisans et PME, la solution vous permet de r\u00e9pondre aux obligations r\u00e9glementaires tout en gagnant du temps au quotidien.<\/p><p data-start=\"430\" data-end=\"582\">\u00a0<\/p>\t\t\t\t\t\t\t\t<\/div>\n\t\t\t\t<\/div>\n\t\t\t\t\t<\/div>\n\t\t\t\t<\/div>\n\t\t<div class=\"elementor-element elementor-element-750194c4 e-con-full e-flex e-con e-child\" data-id=\"750194c4\" data-element_type=\"container\" data-e-type=\"container\">\n\t\t<div class=\"elementor-element elementor-element-78fc42ec e-con-full e-flex e-con e-child\" data-id=\"78fc42ec\" data-element_type=\"container\" data-e-type=\"container\">\n\t\t\t\t<div class=\"elementor-element elementor-element-6c6c127b elementor-widget elementor-widget-text-editor\" data-id=\"6c6c127b\" data-element_type=\"widget\" data-e-type=\"widget\" data-widget_type=\"text-editor.default\">\n\t\t\t\t<div class=\"elementor-widget-container\">\n\t\t\t\t\t\t\t\t\t<h2 data-start=\"589\" data-end=\"628\">Cr\u00e9ez vos factures en quelques clics<\/h2><p data-start=\"630\" data-end=\"706\">AZ eFacture vous accompagne dans la cr\u00e9ation de vos factures \u00e9lectroniques :<\/p><ul data-start=\"708\" data-end=\"882\"><li data-start=\"708\" data-end=\"742\"><p data-start=\"710\" data-end=\"742\">Saisie rapide des informations<\/p><\/li><li data-start=\"743\" data-end=\"784\"><p data-start=\"745\" data-end=\"784\">Ajout automatique des donn\u00e9es clients<\/p><\/li><li data-start=\"785\" data-end=\"810\"><p data-start=\"787\" data-end=\"810\">Num\u00e9rotation conforme<\/p><\/li><li data-start=\"811\" data-end=\"843\"><p data-start=\"813\" data-end=\"843\">Calcul automatique de la TVA<\/p><\/li><li data-start=\"844\" data-end=\"882\"><p data-start=\"846\" data-end=\"882\">G\u00e9n\u00e9ration imm\u00e9diate de la facture<\/p><\/li><\/ul><p data-start=\"884\" data-end=\"923\">Tout est centralis\u00e9 dans un seul outil.<\/p>\t\t\t\t\t\t\t\t<\/div>\n\t\t\t\t<\/div>\n\t\t\t\t<\/div>\n\t\t<div class=\"elementor-element elementor-element-5c5d3cb8 e-con-full e-flex e-con e-child\" data-id=\"5c5d3cb8\" data-element_type=\"container\" data-e-type=\"container\">\n\t\t\t\t<div class=\"elementor-element elementor-element-4e784a32 elementor-widget elementor-widget-text-editor\" data-id=\"4e784a32\" data-element_type=\"widget\" data-e-type=\"widget\" data-widget_type=\"text-editor.default\">\n\t\t\t\t<div class=\"elementor-widget-container\">\n\t\t\t\t\t\t\t\t\t<h2 data-start=\"930\" data-end=\"977\">Une facturation conforme \u00e0 la r\u00e9glementation<\/h2><p data-start=\"979\" data-end=\"1075\">La facturation \u00e9lectronique devient progressivement obligatoire pour les entreprises fran\u00e7aises.<\/p><p data-start=\"1077\" data-end=\"1106\">AZ eFacture est con\u00e7ue pour :<\/p><ul data-start=\"1108\" data-end=\"1266\"><li data-start=\"1108\" data-end=\"1143\"><p data-start=\"1110\" data-end=\"1143\">respecter les exigences l\u00e9gales<\/p><\/li><li data-start=\"1144\" data-end=\"1184\"><p data-start=\"1146\" data-end=\"1184\">s\u00e9curiser les donn\u00e9es de facturation<\/p><\/li><li data-start=\"1185\" data-end=\"1225\"><p data-start=\"1187\" data-end=\"1225\">assurer la tra\u00e7abilit\u00e9 des documents<\/p><\/li><li data-start=\"1226\" data-end=\"1266\"><p data-start=\"1228\" data-end=\"1266\">suivre les \u00e9volutions r\u00e9glementaires<\/p><\/li><\/ul><p data-start=\"1268\" data-end=\"1334\">Vous facturez en toute conformit\u00e9, sans complexit\u00e9 administrative.<\/p>\t\t\t\t\t\t\t\t<\/div>\n\t\t\t\t<\/div>\n\t\t\t\t<\/div>\n\t\t<div class=\"elementor-element elementor-element-616b9d96 e-con-full e-flex e-con e-child\" data-id=\"616b9d96\" data-element_type=\"container\" data-e-type=\"container\">\n\t\t\t\t<div class=\"elementor-element elementor-element-43ca8adf elementor-widget elementor-widget-text-editor\" data-id=\"43ca8adf\" data-element_type=\"widget\" data-e-type=\"widget\" data-widget_type=\"text-editor.default\">\n\t\t\t\t<div class=\"elementor-widget-container\">\n\t\t\t\t\t\t\t\t\t<h2 data-start=\"1341\" data-end=\"1373\">G\u00e9rez simplement vos factures<\/h2><p data-start=\"1375\" data-end=\"1421\">Depuis votre espace AZ eFacture, vous pouvez :<\/p><ul data-start=\"1423\" data-end=\"1604\"><li data-start=\"1423\" data-end=\"1456\"><p data-start=\"1425\" data-end=\"1456\">consulter toutes vos factures<\/p><\/li><li data-start=\"1457\" data-end=\"1487\"><p data-start=\"1459\" data-end=\"1487\">suivre les factures \u00e9mises<\/p><\/li><li data-start=\"1488\" data-end=\"1524\"><p data-start=\"1490\" data-end=\"1524\">retrouver rapidement un document<\/p><\/li><li data-start=\"1525\" data-end=\"1559\"><p data-start=\"1527\" data-end=\"1559\">acc\u00e9der \u00e0 l\u2019historique complet<\/p><\/li><li data-start=\"1560\" data-end=\"1604\"><p data-start=\"1562\" data-end=\"1604\">conserver vos factures en toute s\u00e9curit\u00e9<\/p><\/li><\/ul><p data-start=\"1606\" data-end=\"1660\">Une vision claire de votre facturation, \u00e0 tout moment.<\/p>\t\t\t\t\t\t\t\t<\/div>\n\t\t\t\t<\/div>\n\t\t\t\t<\/div>\n\t\t<div class=\"elementor-element elementor-element-7ad26bb6 e-con-full e-flex e-con e-child\" data-id=\"7ad26bb6\" data-element_type=\"container\" data-e-type=\"container\">\n\t\t\t\t<div class=\"elementor-element elementor-element-7bbc4fe8 elementor-widget elementor-widget-text-editor\" data-id=\"7bbc4fe8\" data-element_type=\"widget\" data-e-type=\"widget\" data-widget_type=\"text-editor.default\">\n\t\t\t\t<div class=\"elementor-widget-container\">\n\t\t\t\t\t\t\t\t\t<h2 data-start=\"1667\" data-end=\"1705\">Un outil pens\u00e9 pour votre quotidien<\/h2><p data-start=\"1707\" data-end=\"1799\">AZ eFacture a \u00e9t\u00e9 con\u00e7ue pour une utilisation principalement sur ordinateur, afin d\u2019offrir :<\/p><ul data-start=\"1801\" data-end=\"1926\"><li data-start=\"1801\" data-end=\"1828\"><p data-start=\"1803\" data-end=\"1828\">une lecture confortable<\/p><\/li><li data-start=\"1829\" data-end=\"1854\"><p data-start=\"1831\" data-end=\"1854\">une navigation fluide<\/p><\/li><li data-start=\"1855\" data-end=\"1897\"><p data-start=\"1857\" data-end=\"1897\">une interface sobre et professionnelle<\/p><\/li><li data-start=\"1898\" data-end=\"1926\"><p data-start=\"1900\" data-end=\"1926\">une prise en main rapide<\/p><\/li><\/ul><p data-start=\"1928\" data-end=\"1973\">Aucune comp\u00e9tence comptable n\u2019est n\u00e9cessaire.<\/p>\t\t\t\t\t\t\t\t<\/div>\n\t\t\t\t<\/div>\n\t\t\t\t<\/div>\n\t\t<div class=\"elementor-element elementor-element-15176f5 e-con-full e-flex e-con e-child\" data-id=\"15176f5\" data-element_type=\"container\" data-e-type=\"container\">\n\t\t\t\t<div class=\"elementor-element elementor-element-3b412030 elementor-widget elementor-widget-text-editor\" data-id=\"3b412030\" data-element_type=\"widget\" data-e-type=\"widget\" data-widget_type=\"text-editor.default\">\n\t\t\t\t<div class=\"elementor-widget-container\">\n\t\t\t\t\t\t\t\t\t<h2 data-start=\"1980\" data-end=\"2018\">Toutes les fonctionnalit\u00e9s incluses<\/h2><p data-start=\"2020\" data-end=\"2086\">Chez AZ eFacture, il n\u2019y a <strong data-start=\"2047\" data-end=\"2085\">ni option ni module suppl\u00e9mentaire<\/strong>.<\/p><p data-start=\"2088\" data-end=\"2131\">D\u00e8s votre inscription, vous b\u00e9n\u00e9ficiez de :<\/p><ul data-start=\"2133\" data-end=\"2285\"><li data-start=\"2133\" data-end=\"2174\"><p data-start=\"2135\" data-end=\"2174\">la cr\u00e9ation de factures \u00e9lectroniques<\/p><\/li><li data-start=\"2175\" data-end=\"2197\"><p data-start=\"2177\" data-end=\"2197\">la gestion clients<\/p><\/li><li data-start=\"2198\" data-end=\"2213\"><p data-start=\"2200\" data-end=\"2213\">l\u2019archivage<\/p><\/li><li data-start=\"2214\" data-end=\"2249\"><p data-start=\"2216\" data-end=\"2249\">les mises \u00e0 jour r\u00e9glementaires<\/p><\/li><li data-start=\"2250\" data-end=\"2285\"><p data-start=\"2252\" data-end=\"2285\">l\u2019acc\u00e8s complet \u00e0 l\u2019application<\/p><\/li><\/ul><p data-start=\"2287\" data-end=\"2342\">Le prix d\u00e9pend uniquement du nombre de factures \u00e9mises.<\/p>\t\t\t\t\t\t\t\t<\/div>\n\t\t\t\t<\/div>\n\t\t\t\t<\/div>\n\t\t<div class=\"elementor-element elementor-element-47e8bcf8 e-con-full e-flex e-con e-child\" data-id=\"47e8bcf8\" data-element_type=\"container\" data-e-type=\"container\">\n\t\t\t\t<div class=\"elementor-element elementor-element-485c0b8 elementor-widget elementor-widget-text-editor\" data-id=\"485c0b8\" data-element_type=\"widget\" data-e-type=\"widget\" data-widget_type=\"text-editor.default\">\n\t\t\t\t<div class=\"elementor-widget-container\">\n\t\t\t\t\t\t\t\t\t<h2 data-start=\"2349\" data-end=\"2362\">Pour qui ?<\/h2><p data-start=\"2364\" data-end=\"2389\">AZ eFacture s\u2019adresse \u00e0 :<\/p><ul data-start=\"2391\" data-end=\"2447\"><li data-start=\"2391\" data-end=\"2411\"><p data-start=\"2393\" data-end=\"2411\"><strong data-start=\"2393\" data-end=\"2409\">Ind\u00e9pendants<\/strong><\/p><\/li><li data-start=\"2412\" data-end=\"2428\"><p data-start=\"2414\" data-end=\"2428\"><strong data-start=\"2414\" data-end=\"2426\">Artisans<\/strong><\/p><\/li><li data-start=\"2429\" data-end=\"2447\"><p data-start=\"2431\" data-end=\"2447\"><strong data-start=\"2431\" data-end=\"2445\">TPE et PME<\/strong><\/p><\/li><\/ul><p data-start=\"2449\" data-end=\"2488\">Quel que soit votre secteur d\u2019activit\u00e9.<\/p>\t\t\t\t\t\t\t\t<\/div>\n\t\t\t\t<\/div>\n\t\t\t\t<\/div>\n\t\t\t\t<\/div>\n\t\t\t\t\t<\/div>\n\t\t\t\t<\/div>\n\t\t<div class=\"elementor-element elementor-element-1e7a492c e-flex e-con-boxed e-con e-parent\" data-id=\"1e7a492c\" data-element_type=\"container\" data-e-type=\"container\" data-settings=\"{&quot;background_background&quot;:&quot;classic&quot;}\">\n\t\t\t\t\t<div class=\"e-con-inner\">\n\t\t\t\t<div class=\"elementor-element elementor-element-8944c8b animated-slow elementor-invisible elementor-widget elementor-widget-heading\" data-id=\"8944c8b\" data-element_type=\"widget\" data-e-type=\"widget\" data-settings=\"{&quot;_animation&quot;:&quot;slideInUp&quot;}\" data-widget_type=\"heading.default\">\n\t\t\t\t<div class=\"elementor-widget-container\">\n\t\t\t\t\t<h2 class=\"elementor-heading-title elementor-size-default\">Tarifs<\/h2>\t\t\t\t<\/div>\n\t\t\t\t<\/div>\n\t\t<div class=\"elementor-element elementor-element-3d4823a2 e-con-full e-flex e-con e-child\" data-id=\"3d4823a2\" data-element_type=\"container\" data-e-type=\"container\">\n\t\t\t\t<div class=\"elementor-element elementor-element-74b42e0d elementor-widget__width-inherit elementor-widget elementor-widget-price-list\" data-id=\"74b42e0d\" data-element_type=\"widget\" data-e-type=\"widget\" data-widget_type=\"price-list.default\">\n\t\t\t\t<div class=\"elementor-widget-container\">\n\t\t\t\t\t\n\t\t<ul class=\"elementor-price-list\">\n\n\t\t\t\t\t\t\t\t\t<li><a class=\"elementor-price-list-item\" href=\"#\">\t\t\t\t\n\t\t\t\t<div class=\"elementor-price-list-text\">\n\t\t\t\t\t\t\t\t\t<div class=\"elementor-price-list-header\">\n\t\t\t\t\t\t\t\t\t\t\t<span class=\"elementor-price-list-title\">\n\t\t\t\t\t\t\tGratuit\t\t\t\t\t\t<\/span>\n\t\t\t\t\t\t\t\t\t\t\t\t\t\t\t\t\t\t\t\t\t\t\t\t<span class=\"elementor-price-list-price\">0\u20ac<\/span>\n\t\t\t\t\t\t\t\t\t\t<\/div>\n\t\t\t\t\t\t\t\t\t\t\t\t\t\t\t<p class=\"elementor-price-list-description\">\n\t\t\t\t\t\t\tPrenez le temps que vous voulez\t\t\t\t\t\t<\/p>\n\t\t\t\t\t\t\t\t<\/div>\n\t\t\t\t<\/a><\/li>\t\t\t\t\t\n\t\t<\/ul>\n\n\t\t\t\t\t\t<\/div>\n\t\t\t\t<\/div>\n\t\t\t\t<div class=\"elementor-element elementor-element-eab6f3b elementor-widget__width-inherit elementor-widget elementor-widget-price-list\" data-id=\"eab6f3b\" data-element_type=\"widget\" data-e-type=\"widget\" data-widget_type=\"price-list.default\">\n\t\t\t\t<div class=\"elementor-widget-container\">\n\t\t\t\t\t\n\t\t<ul class=\"elementor-price-list\">\n\n\t\t\t\t\t\t\t\t\t<li><a class=\"elementor-price-list-item\" href=\"#\">\t\t\t\t\n\t\t\t\t<div class=\"elementor-price-list-text\">\n\t\t\t\t\t\t\t\t\t<div class=\"elementor-price-list-header\">\n\t\t\t\t\t\t\t\t\t\t\t<span class=\"elementor-price-list-title\">\n\t\t\t\t\t\t\t100 factures \/ an\t\t\t\t\t\t<\/span>\n\t\t\t\t\t\t\t\t\t\t\t\t\t\t\t\t\t\t\t\t\t\t\t\t<span class=\"elementor-price-list-price\">115 \u20ac\/ht<\/span>\n\t\t\t\t\t\t\t\t\t\t<\/div>\n\t\t\t\t\t\t\t\t\t\t\t\t\t\t\t<p class=\"elementor-price-list-description\">\n\t\t\t\t\t\t\tPaiement en ligne : 17\u20ac\/HT\t\t\t\t\t\t<\/p>\n\t\t\t\t\t\t\t\t<\/div>\n\t\t\t\t<\/a><\/li>\t\t\t\t\t\n\t\t<\/ul>\n\n\t\t\t\t\t\t<\/div>\n\t\t\t\t<\/div>\n\t\t\t\t<div class=\"elementor-element elementor-element-7d615f7 elementor-widget__width-inherit elementor-widget elementor-widget-price-list\" data-id=\"7d615f7\" data-element_type=\"widget\" data-e-type=\"widget\" data-widget_type=\"price-list.default\">\n\t\t\t\t<div class=\"elementor-widget-container\">\n\t\t\t\t\t\n\t\t<ul class=\"elementor-price-list\">\n\n\t\t\t\t\t\t\t\t\t<li><a class=\"elementor-price-list-item\" href=\"#\">\t\t\t\t\n\t\t\t\t<div class=\"elementor-price-list-text\">\n\t\t\t\t\t\t\t\t\t<div class=\"elementor-price-list-header\">\n\t\t\t\t\t\t\t\t\t\t\t<span class=\"elementor-price-list-title\">\n\t\t\t\t\t\t\t200 factures \/ an\t\t\t\t\t\t<\/span>\n\t\t\t\t\t\t\t\t\t\t\t\t\t\t\t\t\t\t\t\t\t\t\t\t<span class=\"elementor-price-list-price\">210 \u20ac\/ht<\/span>\n\t\t\t\t\t\t\t\t\t\t<\/div>\n\t\t\t\t\t\t\t\t\t\t\t\t\t\t\t<p class=\"elementor-price-list-description\">\n\t\t\t\t\t\t\tPaiement en ligne : 31\u20ac\/HT\t\t\t\t\t\t<\/p>\n\t\t\t\t\t\t\t\t<\/div>\n\t\t\t\t<\/a><\/li>\t\t\t\t\t\n\t\t<\/ul>\n\n\t\t\t\t\t\t<\/div>\n\t\t\t\t<\/div>\n\t\t\t\t<div class=\"elementor-element elementor-element-c5ef790 elementor-widget__width-inherit elementor-widget elementor-widget-price-list\" data-id=\"c5ef790\" data-element_type=\"widget\" data-e-type=\"widget\" data-widget_type=\"price-list.default\">\n\t\t\t\t<div class=\"elementor-widget-container\">\n\t\t\t\t\t\n\t\t<ul class=\"elementor-price-list\">\n\n\t\t\t\t\t\t\t\t\t<li><a class=\"elementor-price-list-item\" href=\"#\">\t\t\t\t\n\t\t\t\t<div class=\"elementor-price-list-text\">\n\t\t\t\t\t\t\t\t\t<div class=\"elementor-price-list-header\">\n\t\t\t\t\t\t\t\t\t\t\t<span class=\"elementor-price-list-title\">\n\t\t\t\t\t\t\t500 factures \/ an\t\t\t\t\t\t<\/span>\n\t\t\t\t\t\t\t\t\t\t\t\t\t\t\t\t\t\t\t\t\t\t\t\t<span class=\"elementor-price-list-price\">385 \u20ac\/ht<\/span>\n\t\t\t\t\t\t\t\t\t\t<\/div>\n\t\t\t\t\t\t\t\t\t\t\t\t\t\t\t<p class=\"elementor-price-list-description\">\n\t\t\t\t\t\t\tPaiement en ligne : 57\u20ac\/HT\t\t\t\t\t\t<\/p>\n\t\t\t\t\t\t\t\t<\/div>\n\t\t\t\t<\/a><\/li>\t\t\t\t\t\n\t\t<\/ul>\n\n\t\t\t\t\t\t<\/div>\n\t\t\t\t<\/div>\n\t\t\t\t<div class=\"elementor-element elementor-element-cf62a9c elementor-widget__width-inherit elementor-widget elementor-widget-price-list\" data-id=\"cf62a9c\" data-element_type=\"widget\" data-e-type=\"widget\" data-widget_type=\"price-list.default\">\n\t\t\t\t<div class=\"elementor-widget-container\">\n\t\t\t\t\t\n\t\t<ul class=\"elementor-price-list\">\n\n\t\t\t\t\t\t\t\t\t<li><a class=\"elementor-price-list-item\" href=\"#\">\t\t\t\t\n\t\t\t\t<div class=\"elementor-price-list-text\">\n\t\t\t\t\t\t\t\t\t<div class=\"elementor-price-list-header\">\n\t\t\t\t\t\t\t\t\t\t\t<span class=\"elementor-price-list-title\">\n\t\t\t\t\t\t\t1 000 factures \/ an\t\t\t\t\t\t<\/span>\n\t\t\t\t\t\t\t\t\t\t\t\t\t\t\t\t\t\t\t\t\t\t\t\t<span class=\"elementor-price-list-price\">577 \u20ac\/ht<\/span>\n\t\t\t\t\t\t\t\t\t\t<\/div>\n\t\t\t\t\t\t\t\t\t\t\t\t\t\t\t<p class=\"elementor-price-list-description\">\n\t\t\t\t\t\t\tPaiement en ligne : 85\u20ac\/HT\t\t\t\t\t\t<\/p>\n\t\t\t\t\t\t\t\t<\/div>\n\t\t\t\t<\/a><\/li>\t\t\t\t\t\n\t\t<\/ul>\n\n\t\t\t\t\t\t<\/div>\n\t\t\t\t<\/div>\n\t\t\t\t<div class=\"elementor-element elementor-element-220a3f5 elementor-widget__width-inherit elementor-widget elementor-widget-price-list\" data-id=\"220a3f5\" data-element_type=\"widget\" data-e-type=\"widget\" data-widget_type=\"price-list.default\">\n\t\t\t\t<div class=\"elementor-widget-container\">\n\t\t\t\t\t\n\t\t<ul class=\"elementor-price-list\">\n\n\t\t\t\t\t\t\t\t\t<li><a class=\"elementor-price-list-item\" href=\"#\">\t\t\t\t\n\t\t\t\t<div class=\"elementor-price-list-text\">\n\t\t\t\t\t\t\t\t\t<div class=\"elementor-price-list-header\">\n\t\t\t\t\t\t\t\t\t\t\t<span class=\"elementor-price-list-title\">\n\t\t\t\t\t\t\t+1 000 factures \/ an\t\t\t\t\t\t<\/span>\n\t\t\t\t\t\t\t\t\t\t\t\t\t\t\t\t\t\t\t\t\t\t\t\t<span class=\"elementor-price-list-price\">Sur Devis<\/span>\n\t\t\t\t\t\t\t\t\t\t<\/div>\n\t\t\t\t\t\t\t\t\t\t\t\t<\/div>\n\t\t\t\t<\/a><\/li>\t\t\t\t\t\n\t\t<\/ul>\n\n\t\t\t\t\t\t<\/div>\n\t\t\t\t<\/div>\n\t\t\t\t<div class=\"elementor-element elementor-element-474c63c elementor-widget elementor-widget-text-editor\" data-id=\"474c63c\" data-element_type=\"widget\" data-e-type=\"widget\" data-widget_type=\"text-editor.default\">\n\t\t\t\t<div class=\"elementor-widget-container\">\n\t\t\t\t\t\t\t\t\t<p>Les prix (tout compris sauf activation pour paiement en ligne) sont pour un nombre maximum de factures g\u00e9r\u00e9es en 12 mois. La seule option est l\u2019activation pour paiement en ligne.<\/p>\t\t\t\t\t\t\t\t<\/div>\n\t\t\t\t<\/div>\n\t\t\t\t<\/div>\n\t\t\t\t\t<\/div>\n\t\t\t\t<\/div>\n\t\t\t\t<\/div>\n\t\t","protected":false},"excerpt":{"rendered":"<p>La facture \u00c3\u00a9lectronique, simplement Avec AZ eFacture, cr\u00c3\u00a9ez, envoyez et g\u00c3\u00a9rez vos factures \u00c3\u00a9lectroniques facilement, depuis une interface claire et intuitive. Pens\u00c3\u00a9e pour les ind\u00c3\u00a9pendants, artisans et PME, la solution vous permet de r\u00c3\u00a9pondre aux obligations r\u00c3\u00a9glementaires tout en gagnant du temps au quotidien. \u00c2\u00a0 Cr\u00c3\u00a9ez vos factures en quelques clics AZ eFacture vous accompagne [&hellip;]<\/p>\n","protected":false},"author":1,"featured_media":831,"parent":0,"menu_order":0,"comment_status":"closed","ping_status":"closed","template":"elementor_header_footer","meta":{"footnotes":""},"class_list":["post-819","page","type-page","status-publish","has-post-thumbnail","hentry"],"_links":{"self":[{"href":"https:\/\/www.az-efacture.fr\/index.php\/wp-json\/wp\/v2\/pages\/819","targetHints":{"allow":["GET"]}}],"collection":[{"href":"https:\/\/www.az-efacture.fr\/index.php\/wp-json\/wp\/v2\/pages"}],"about":[{"href":"https:\/\/www.az-efacture.fr\/index.php\/wp-json\/wp\/v2\/types\/page"}],"author":[{"embeddable":true,"href":"https:\/\/www.az-efacture.fr\/index.php\/wp-json\/wp\/v2\/users\/1"}],"replies":[{"embeddable":true,"href":"https:\/\/www.az-efacture.fr\/index.php\/wp-json\/wp\/v2\/comments?post=819"}],"version-history":[{"count":41,"href":"https:\/\/www.az-efacture.fr\/index.php\/wp-json\/wp\/v2\/pages\/819\/revisions"}],"predecessor-version":[{"id":1254,"href":"https:\/\/www.az-efacture.fr\/index.php\/wp-json\/wp\/v2\/pages\/819\/revisions\/1254"}],"wp:featuredmedia":[{"embeddable":true,"href":"https:\/\/www.az-efacture.fr\/index.php\/wp-json\/wp\/v2\/media\/831"}],"wp:attachment":[{"href":"https:\/\/www.az-efacture.fr\/index.php\/wp-json\/wp\/v2\/media?parent=819"}],"curies":[{"name":"wp","href":"https:\/\/api.w.org\/{rel}","templated":true}]}}