{"id":3,"date":"2025-04-25T18:11:18","date_gmt":"2025-04-25T16:11:18","guid":{"rendered":"https:\/\/www.az-efacture.fr\/?page_id=3"},"modified":"2026-04-10T15:12:14","modified_gmt":"2026-04-10T13:12:14","slug":"mentions-legales","status":"publish","type":"page","link":"https:\/\/www.az-efacture.fr\/index.php\/mentions-legales\/","title":{"rendered":"Mentions l\u00e9gales"},"content":{"rendered":"\t\t<div data-elementor-type=\"wp-page\" data-elementor-id=\"3\" class=\"elementor elementor-3\" data-elementor-post-type=\"page\">\n\t\t\t\t<div class=\"elementor-element elementor-element-5855851b e-flex e-con-boxed e-con e-parent\" data-id=\"5855851b\" data-element_type=\"container\" data-e-type=\"container\">\n\t\t\t\t\t<div class=\"e-con-inner\">\n\t\t\t\t<div class=\"elementor-element elementor-element-320aa06c elementor-widget elementor-widget-text-editor\" data-id=\"320aa06c\" data-element_type=\"widget\" data-e-type=\"widget\" data-widget_type=\"text-editor.default\">\n\t\t\t\t<div class=\"elementor-widget-container\">\n\t\t\t\t\t\t\t\t\t\n<h2 class=\"wp-block-heading\">Mentions l\u00e9gales<\/h2>\n<h3 data-section-id=\"1dbvajy\" data-start=\"132\" data-end=\"153\">\u00c9diteur du site<\/h3>\n<p data-start=\"154\" data-end=\"185\">Le pr\u00e9sent site est \u00e9dit\u00e9 par :<\/p>\n<p data-start=\"187\" data-end=\"393\"><strong data-start=\"187\" data-end=\"208\">Philippe Macabiau<\/strong><br data-start=\"208\" data-end=\"211\" \/>Entrepreneur individuel<br data-start=\"234\" data-end=\"237\" \/>33260 La Teste-de-Buch \u2013 France<br data-start=\"268\" data-end=\"271\" \/>SIREN : 822186474<br data-start=\"288\" data-end=\"291\" \/>SIRET : 82218647400026<br data-start=\"313\" data-end=\"316\" \/>RCS Bordeaux : 822186474<br data-start=\"340\" data-end=\"343\" \/>Num\u00e9ro de TVA intracommunautaire : FR75822186474<\/p>\n<p data-start=\"395\" data-end=\"446\">Directeur de la publication : <strong data-start=\"425\" data-end=\"446\">Philippe Macabiau<\/strong><\/p>\n<hr data-start=\"448\" data-end=\"451\" \/>\n<h3 data-section-id=\"79sznm\" data-start=\"453\" data-end=\"470\">H\u00e9bergement<\/h3>\n<p data-start=\"471\" data-end=\"538\">Le site est h\u00e9berg\u00e9 par <strong data-start=\"495\" data-end=\"536\"><span class=\"hover:entity-accent entity-underline inline cursor-pointer align-baseline\"><span class=\"whitespace-normal\">o2switch<\/span><\/span><\/strong><\/p>\n<p data-start=\"540\" data-end=\"595\">Chemin des Pardiaux<br data-start=\"559\" data-end=\"562\" \/>63000 Clermont-Ferrand \u2013 France<\/p>\n<p data-start=\"597\" data-end=\"676\">SAS au capital de 100 000 \u20ac<br data-start=\"624\" data-end=\"627\" \/>SIRET : 510 909 80700032<br data-start=\"651\" data-end=\"654\" \/>RCS Clermont-Ferrand<\/p>\n<hr data-start=\"678\" data-end=\"681\" \/>\n<h3 data-section-id=\"14032w5\" data-start=\"683\" data-end=\"713\">Propri\u00e9t\u00e9 intellectuelle<\/h3>\n<p data-start=\"714\" data-end=\"906\">L\u2019ensemble des contenus pr\u00e9sents sur ce site (textes, images, graphismes, logo, ic\u00f4nes, vid\u00e9os, structure, code source, etc.) est la propri\u00e9t\u00e9 exclusive de l\u2019\u00e9diteur, sauf mentions contraires.<\/p>\n<p data-start=\"908\" data-end=\"1010\">Toute reproduction, diffusion, modification ou exploitation sans autorisation pr\u00e9alable est interdite.<\/p>\n<hr data-start=\"1012\" data-end=\"1015\" \/>\n<h3 data-section-id=\"v64xqq\" data-start=\"1017\" data-end=\"1037\">Responsabilit\u00e9<\/h3>\n<p data-start=\"1038\" data-end=\"1149\">Les informations diffus\u00e9es sur ce site sont fournies \u00e0 titre indicatif et peuvent \u00eatre modifi\u00e9es \u00e0 tout moment.<\/p>\n<p data-start=\"1151\" data-end=\"1257\">L\u2019\u00e9diteur ne saurait \u00eatre tenu responsable des erreurs, omissions ou indisponibilit\u00e9s temporaires du site.<\/p>\n<hr data-start=\"1259\" data-end=\"1262\" \/>\n<h3 data-section-id=\"1ocmt8a\" data-start=\"1264\" data-end=\"1290\">Donn\u00e9es personnelles<\/h3>\n<p data-start=\"1291\" data-end=\"1406\">Les informations collect\u00e9es via les formulaires sont utilis\u00e9es uniquement dans le cadre de la relation commerciale.<\/p>\n<p data-start=\"1408\" data-end=\"1564\">Conform\u00e9ment au r\u00e8glement g\u00e9n\u00e9ral sur la protection des donn\u00e9es (RGPD), vous disposez d\u2019un droit d\u2019acc\u00e8s, de rectification et de suppression de vos donn\u00e9es.<\/p>\n<p data-start=\"1566\" data-end=\"1626\">Pour toute demande : <strong data-start=\"1587\" data-end=\"1626\">[mettre l\u2019adresse email de contact]<\/strong><\/p>\n<hr data-start=\"1628\" data-end=\"1631\" \/>\n<h3 data-section-id=\"1h4n3g1\" data-start=\"1633\" data-end=\"1646\">Cookies<\/h3>\n<p data-start=\"1647\" data-end=\"1746\">Le site peut utiliser des cookies n\u00e9cessaires \u00e0 son fonctionnement ainsi qu\u2019\u00e0 la mesure d\u2019audience.<\/p>\n<p data-start=\"1748\" data-end=\"1820\">L\u2019utilisateur peut configurer ou refuser les cookies via son navigateur.<\/p>\n<p>\u00a0<\/p>\n<hr class=\"wp-block-separator has-alpha-channel-opacity\" \/>\t\t\t\t\t\t\t\t<\/div>\n\t\t\t\t<\/div>\n\t\t\t\t\t<\/div>\n\t\t\t\t<\/div>\n\t\t\t\t<\/div>\n\t\t","protected":false},"excerpt":{"rendered":"<p>Mentions l\u00e9gales \u00c9diteur du site Le pr\u00e9sent site est \u00e9dit\u00e9 par : Philippe MacabiauEntrepreneur individuel33260 La Teste-de-Buch \u2013 FranceSIREN : 822186474SIRET : 82218647400026RCS Bordeaux : 822186474Num\u00e9ro de TVA intracommunautaire : FR75822186474 Directeur de la publication : Philippe Macabiau H\u00e9bergement Le site est h\u00e9berg\u00e9 par o2switch Chemin des Pardiaux63000 Clermont-Ferrand \u2013 France SAS au capital de [&hellip;]<\/p>\n","protected":false},"author":1,"featured_media":0,"parent":0,"menu_order":0,"comment_status":"closed","ping_status":"closed","template":"","meta":{"footnotes":""},"class_list":["post-3","page","type-page","status-publish","hentry"],"_links":{"self":[{"href":"https:\/\/www.az-efacture.fr\/index.php\/wp-json\/wp\/v2\/pages\/3","targetHints":{"allow":["GET"]}}],"collection":[{"href":"https:\/\/www.az-efacture.fr\/index.php\/wp-json\/wp\/v2\/pages"}],"about":[{"href":"https:\/\/www.az-efacture.fr\/index.php\/wp-json\/wp\/v2\/types\/page"}],"author":[{"embeddable":true,"href":"https:\/\/www.az-efacture.fr\/index.php\/wp-json\/wp\/v2\/users\/1"}],"replies":[{"embeddable":true,"href":"https:\/\/www.az-efacture.fr\/index.php\/wp-json\/wp\/v2\/comments?post=3"}],"version-history":[{"count":7,"href":"https:\/\/www.az-efacture.fr\/index.php\/wp-json\/wp\/v2\/pages\/3\/revisions"}],"predecessor-version":[{"id":1308,"href":"https:\/\/www.az-efacture.fr\/index.php\/wp-json\/wp\/v2\/pages\/3\/revisions\/1308"}],"wp:attachment":[{"href":"https:\/\/www.az-efacture.fr\/index.php\/wp-json\/wp\/v2\/media?parent=3"}],"curies":[{"name":"wp","href":"https:\/\/api.w.org\/{rel}","templated":true}]}}